{"id":3683,"date":"2023-09-06T22:55:59","date_gmt":"2023-09-07T01:55:59","guid":{"rendered":"https:\/\/camisaecia.com\/site\/?page_id=3683"},"modified":"2025-04-24T21:31:27","modified_gmt":"2025-04-25T00:31:27","slug":"empresa","status":"publish","type":"page","link":"https:\/\/camisaecia.com\/site\/empresa\/","title":{"rendered":"Empresa"},"content":{"rendered":"\t\t<div data-elementor-type=\"wp-page\" data-elementor-id=\"3683\" class=\"elementor elementor-3683\">\n\t\t\t\t<div class=\"elementor-element elementor-element-8259598 e-flex e-con-boxed e-con e-parent\" data-id=\"8259598\" data-element_type=\"container\">\n\t\t\t\t\t<div class=\"e-con-inner\">\n\t\t\t\t<div class=\"elementor-element elementor-element-cd1f74d elementor-widget elementor-widget-heading\" data-id=\"cd1f74d\" data-element_type=\"widget\" data-widget_type=\"heading.default\">\n\t\t\t\t<div class=\"elementor-widget-container\">\n\t\t\t\t\t<h2 class=\"elementor-heading-title elementor-size-default\">Empresa\n<\/h2>\t\t\t\t<\/div>\n\t\t\t\t<\/div>\n\t\t<div class=\"elementor-element elementor-element-aea1839 e-flex e-con-boxed e-con e-child\" data-id=\"aea1839\" data-element_type=\"container\">\n\t\t\t\t\t<div class=\"e-con-inner\">\n\t\t\t\t<div class=\"elementor-element elementor-element-ca6ad40 elementor-widget elementor-widget-text-editor\" data-id=\"ca6ad40\" data-element_type=\"widget\" data-widget_type=\"text-editor.default\">\n\t\t\t\t<div class=\"elementor-widget-container\">\n\t\t\t\t\t\t\t\t\t<h2><strong>A Empresa<\/strong><\/h2><p>Somos uma f\u00e1brica de camisas e uniformes que oferece estamparia de alta qualidade para criar pe\u00e7as \u00fanicas e exclusivas para empresas, escolas e eventos.<\/p><p>N\u00f3s temos uma ampla variedade de camisas personalizadas, desde camisas sociais at\u00e9 camisas esportivas, que podem ser personalizadas de acordo com a sua necessidade.<\/p><p>Aqui na Camisa &amp; Cia, voc\u00ea encontrar\u00e1 uma equipe de profissionais experientes e dedicados, que est\u00e3o sempre prontos para ajud\u00e1-lo a escolher as melhores op\u00e7\u00f5es de camisas personalizadas para o seu projeto.<\/p><p>\u00a0Ent\u00e3o, se voc\u00ea est\u00e1 procurando por camisas personalizadas em BH, est\u00e1 no lugar certo.\u00a0<\/p><p>O nosso diferencial encontra-se na efici\u00eancia do atendimento, qualidade do produto e prazo de entrega.<\/p>\t\t\t\t\t\t\t\t<\/div>\n\t\t\t\t<\/div>\n\t\t\t\t\t<\/div>\n\t\t\t\t<\/div>\n\t\t\t\t\t<\/div>\n\t\t\t\t<\/div>\n\t\t<div class=\"elementor-element elementor-element-67b1432 e-flex e-con-boxed e-con e-parent\" data-id=\"67b1432\" data-element_type=\"container\">\n\t\t\t\t\t<div class=\"e-con-inner\">\n\t\t\t\t<div class=\"elementor-element elementor-element-0616185 elementor-widget elementor-widget-heading\" data-id=\"0616185\" data-element_type=\"widget\" data-widget_type=\"heading.default\">\n\t\t\t\t<div class=\"elementor-widget-container\">\n\t\t\t\t\t<h2 class=\"elementor-heading-title elementor-size-default\">N\u00e3o importa o tamanho do seu projeto, n\u00f3s estamos prontos para ajudar.<\/h2>\t\t\t\t<\/div>\n\t\t\t\t<\/div>\n\t\t\t\t\t<\/div>\n\t\t\t\t<\/div>\n\t\t<div class=\"elementor-element elementor-element-9e901ba e-flex e-con-boxed e-con e-parent\" data-id=\"9e901ba\" data-element_type=\"container\">\n\t\t\t\t\t<div class=\"e-con-inner\">\n\t\t\t\t<div class=\"elementor-element elementor-element-078bbf1 elementor-widget elementor-widget-text-editor\" data-id=\"078bbf1\" data-element_type=\"widget\" data-widget_type=\"text-editor.default\">\n\t\t\t\t<div class=\"elementor-widget-container\">\n\t\t\t\t\t\t\t\t\t<p>Fa\u00e7a seu or\u00e7amento ou agende uma visita com um dos nossos representantes.<\/p>\t\t\t\t\t\t\t\t<\/div>\n\t\t\t\t<\/div>\n\t\t\t\t\t<\/div>\n\t\t\t\t<\/div>\n\t\t\t\t<\/div>\n\t\t","protected":false},"excerpt":{"rendered":"<p>Empresa A Empresa Somos uma f\u00e1brica de camisas e uniformes que oferece estamparia de alta qualidade para criar pe\u00e7as \u00fanicas e exclusivas para empresas, escolas e eventos. N\u00f3s temos uma ampla variedade de camisas personalizadas, desde camisas sociais at\u00e9 camisas esportivas, que podem ser personalizadas de acordo com a sua necessidade. Aqui na Camisa &amp; [&hellip;]<\/p>\n","protected":false},"author":1,"featured_media":0,"parent":0,"menu_order":0,"comment_status":"closed","ping_status":"closed","template":"elementor_header_footer","meta":{"footnotes":""},"class_list":["post-3683","page","type-page","status-publish","hentry"],"_links":{"self":[{"href":"https:\/\/camisaecia.com\/site\/wp-json\/wp\/v2\/pages\/3683","targetHints":{"allow":["GET"]}}],"collection":[{"href":"https:\/\/camisaecia.com\/site\/wp-json\/wp\/v2\/pages"}],"about":[{"href":"https:\/\/camisaecia.com\/site\/wp-json\/wp\/v2\/types\/page"}],"author":[{"embeddable":true,"href":"https:\/\/camisaecia.com\/site\/wp-json\/wp\/v2\/users\/1"}],"replies":[{"embeddable":true,"href":"https:\/\/camisaecia.com\/site\/wp-json\/wp\/v2\/comments?post=3683"}],"version-history":[{"count":10,"href":"https:\/\/camisaecia.com\/site\/wp-json\/wp\/v2\/pages\/3683\/revisions"}],"predecessor-version":[{"id":4118,"href":"https:\/\/camisaecia.com\/site\/wp-json\/wp\/v2\/pages\/3683\/revisions\/4118"}],"wp:attachment":[{"href":"https:\/\/camisaecia.com\/site\/wp-json\/wp\/v2\/media?parent=3683"}],"curies":[{"name":"wp","href":"https:\/\/api.w.org\/{rel}","templated":true}]}}