{"id":3761,"date":"2023-09-06T23:24:00","date_gmt":"2023-09-07T02:24:00","guid":{"rendered":"https:\/\/camisaecia.com\/site\/?page_id=3761"},"modified":"2023-09-06T23:26:59","modified_gmt":"2023-09-07T02:26:59","slug":"camisa-social-m-curta","status":"publish","type":"page","link":"https:\/\/camisaecia.com\/site\/camisa-social-m-curta\/","title":{"rendered":"Camisa Social M.Curta"},"content":{"rendered":"\t\t<div data-elementor-type=\"wp-page\" data-elementor-id=\"3761\" class=\"elementor elementor-3761\">\n\t\t\t\t<div class=\"elementor-element elementor-element-e618a93 e-flex e-con-boxed e-con e-parent\" data-id=\"e618a93\" data-element_type=\"container\">\n\t\t\t\t\t<div class=\"e-con-inner\">\n\t\t\t\t<div class=\"elementor-element elementor-element-a3ea979 elementor-widget elementor-widget-heading\" data-id=\"a3ea979\" data-element_type=\"widget\" data-widget_type=\"heading.default\">\n\t\t\t\t<div class=\"elementor-widget-container\">\n\t\t\t\t\t<h2 class=\"elementor-heading-title elementor-size-default\">Camisa Social Manga Curta<\/h2>\t\t\t\t<\/div>\n\t\t\t\t<\/div>\n\t\t\t\t\t<\/div>\n\t\t\t\t<\/div>\n\t\t<div class=\"elementor-element elementor-element-18bfae7 e-flex e-con-boxed e-con e-parent\" data-id=\"18bfae7\" data-element_type=\"container\">\n\t\t\t\t\t<div class=\"e-con-inner\">\n\t\t<div class=\"elementor-element elementor-element-ca013c6 e-flex e-con-boxed e-con e-child\" data-id=\"ca013c6\" data-element_type=\"container\">\n\t\t\t\t\t<div class=\"e-con-inner\">\n\t\t<div class=\"elementor-element elementor-element-da803f6 e-con-full e-flex e-con e-child\" data-id=\"da803f6\" data-element_type=\"container\">\n\t\t\t\t<div class=\"elementor-element elementor-element-72b8e6e elementor-widget elementor-widget-image\" data-id=\"72b8e6e\" data-element_type=\"widget\" data-widget_type=\"image.default\">\n\t\t\t\t<div class=\"elementor-widget-container\">\n\t\t\t\t\t\t\t\t\t\t\t\t\t\t\t<img fetchpriority=\"high\" decoding=\"async\" width=\"800\" height=\"533\" src=\"https:\/\/camisaecia.com\/site\/wp-content\/uploads\/2023\/09\/Social-Manga-Curta-10.jpg\" class=\"attachment-large size-large wp-image-3763\" alt=\"\" srcset=\"https:\/\/camisaecia.com\/site\/wp-content\/uploads\/2023\/09\/Social-Manga-Curta-10.jpg 930w, https:\/\/camisaecia.com\/site\/wp-content\/uploads\/2023\/09\/Social-Manga-Curta-10-300x200.jpg 300w, https:\/\/camisaecia.com\/site\/wp-content\/uploads\/2023\/09\/Social-Manga-Curta-10-768x512.jpg 768w\" sizes=\"(max-width: 800px) 100vw, 800px\" \/>\t\t\t\t\t\t\t\t\t\t\t\t\t\t\t<\/div>\n\t\t\t\t<\/div>\n\t\t\t\t<\/div>\n\t\t<div class=\"elementor-element elementor-element-81a4f5d e-con-full e-flex e-con e-child\" data-id=\"81a4f5d\" data-element_type=\"container\">\n\t\t\t\t<div class=\"elementor-element elementor-element-441bb14 elementor-widget elementor-widget-heading\" data-id=\"441bb14\" data-element_type=\"widget\" data-widget_type=\"heading.default\">\n\t\t\t\t<div class=\"elementor-widget-container\">\n\t\t\t\t\t<h4 class=\"elementor-heading-title elementor-size-default\">O melhor para Voc\u00ea<\/h4>\t\t\t\t<\/div>\n\t\t\t\t<\/div>\n\t\t\t\t<div class=\"elementor-element elementor-element-37a32fe elementor-widget elementor-widget-text-editor\" data-id=\"37a32fe\" data-element_type=\"widget\" data-widget_type=\"text-editor.default\">\n\t\t\t\t<div class=\"elementor-widget-container\">\n\t\t\t\t\t\t\t\t\t<p>As camisas Sociais de manga Curta s\u00e3o produzidas com panos especiais e etc. As camisas Sociais de manga Curta s\u00e3o produzidas com panos especiais e etc.As camisas Sociais de manga Curta s\u00e3o produzidas com panos especiais e etc.As camisas Sociais de manga Curta s\u00e3o produzidas com panos especiais e etc.As camisas Sociais de manga Curta s\u00e3o produzidas com panos especiais e etc.<\/p>\t\t\t\t\t\t\t\t<\/div>\n\t\t\t\t<\/div>\n\t\t\t\t<div class=\"elementor-element elementor-element-a54d3df elementor-align-center elementor-widget elementor-widget-button\" data-id=\"a54d3df\" data-element_type=\"widget\" data-widget_type=\"button.default\">\n\t\t\t\t<div class=\"elementor-widget-container\">\n\t\t\t\t\t\t\t\t\t<div class=\"elementor-button-wrapper\">\n\t\t\t\t\t<a class=\"elementor-button elementor-button-link elementor-size-sm\" href=\"#\">\n\t\t\t\t\t\t<span class=\"elementor-button-content-wrapper\">\n\t\t\t\t\t\t\t\t\t<span class=\"elementor-button-text\">Solicite um Or\u00e7amento<\/span>\n\t\t\t\t\t<\/span>\n\t\t\t\t\t<\/a>\n\t\t\t\t<\/div>\n\t\t\t\t\t\t\t\t<\/div>\n\t\t\t\t<\/div>\n\t\t\t\t<\/div>\n\t\t\t\t\t<\/div>\n\t\t\t\t<\/div>\n\t\t\t\t\t<\/div>\n\t\t\t\t<\/div>\n\t\t<div class=\"elementor-element elementor-element-797161a e-flex e-con-boxed e-con e-parent\" data-id=\"797161a\" data-element_type=\"container\">\n\t\t\t\t\t<div class=\"e-con-inner\">\n\t\t\t\t<div class=\"elementor-element elementor-element-7710f1f elementor-widget elementor-widget-gallery\" data-id=\"7710f1f\" data-element_type=\"widget\" data-settings=\"{&quot;gallery_layout&quot;:&quot;justified&quot;,&quot;gap&quot;:{&quot;unit&quot;:&quot;px&quot;,&quot;size&quot;:20,&quot;sizes&quot;:[]},&quot;ideal_row_height&quot;:{&quot;unit&quot;:&quot;px&quot;,&quot;size&quot;:304,&quot;sizes&quot;:[]},&quot;ideal_row_height_tablet&quot;:{&quot;unit&quot;:&quot;px&quot;,&quot;size&quot;:150,&quot;sizes&quot;:[]},&quot;ideal_row_height_mobile&quot;:{&quot;unit&quot;:&quot;px&quot;,&quot;size&quot;:150,&quot;sizes&quot;:[]},&quot;gap_tablet&quot;:{&quot;unit&quot;:&quot;px&quot;,&quot;size&quot;:10,&quot;sizes&quot;:[]},&quot;gap_mobile&quot;:{&quot;unit&quot;:&quot;px&quot;,&quot;size&quot;:10,&quot;sizes&quot;:[]},&quot;link_to&quot;:&quot;file&quot;,&quot;overlay_background&quot;:&quot;yes&quot;,&quot;content_hover_animation&quot;:&quot;fade-in&quot;}\" data-widget_type=\"gallery.default\">\n\t\t\t\t<div class=\"elementor-widget-container\">\n\t\t\t\t\t\t\t<div class=\"elementor-gallery__container\">\n\t\t\t\t\t\t\t<a class=\"e-gallery-item elementor-gallery-item elementor-animated-content\" href=\"https:\/\/camisaecia.com\/site\/wp-content\/uploads\/2023\/09\/Social-Manga-Curta-1.jpg\" data-elementor-open-lightbox=\"yes\" data-elementor-lightbox-slideshow=\"all-7710f1f\" data-elementor-lightbox-title=\"Social - Manga Curta (1)\" data-e-action-hash=\"#elementor-action%3Aaction%3Dlightbox%26settings%3DeyJpZCI6Mzc2NCwidXJsIjoiaHR0cHM6XC9cL2NhbWlzYWVjaWEuY29tXC9zaXRlXC93cC1jb250ZW50XC91cGxvYWRzXC8yMDIzXC8wOVwvU29jaWFsLU1hbmdhLUN1cnRhLTEuanBnIiwic2xpZGVzaG93IjoiYWxsLTc3MTBmMWYifQ%3D%3D\">\n\t\t\t\t\t<div class=\"e-gallery-image elementor-gallery-item__image\" data-thumbnail=\"https:\/\/camisaecia.com\/site\/wp-content\/uploads\/2023\/09\/Social-Manga-Curta-1.jpg\" data-width=\"413\" data-height=\"620\" alt=\"\" ><\/div>\n\t\t\t\t\t\t\t\t\t\t\t<div class=\"elementor-gallery-item__overlay\"><\/div>\n\t\t\t\t\t\t\t\t\t\t\t\t\t\t<\/a>\n\t\t\t\t\t\t\t<a class=\"e-gallery-item elementor-gallery-item elementor-animated-content\" href=\"https:\/\/camisaecia.com\/site\/wp-content\/uploads\/2023\/09\/Social-Manga-Curta-2.jpg\" data-elementor-open-lightbox=\"yes\" data-elementor-lightbox-slideshow=\"all-7710f1f\" data-elementor-lightbox-title=\"Social - Manga Curta (2)\" data-e-action-hash=\"#elementor-action%3Aaction%3Dlightbox%26settings%3DeyJpZCI6Mzc2NSwidXJsIjoiaHR0cHM6XC9cL2NhbWlzYWVjaWEuY29tXC9zaXRlXC93cC1jb250ZW50XC91cGxvYWRzXC8yMDIzXC8wOVwvU29jaWFsLU1hbmdhLUN1cnRhLTIuanBnIiwic2xpZGVzaG93IjoiYWxsLTc3MTBmMWYifQ%3D%3D\">\n\t\t\t\t\t<div class=\"e-gallery-image elementor-gallery-item__image\" data-thumbnail=\"https:\/\/camisaecia.com\/site\/wp-content\/uploads\/2023\/09\/Social-Manga-Curta-2.jpg\" data-width=\"413\" data-height=\"620\" alt=\"\" ><\/div>\n\t\t\t\t\t\t\t\t\t\t\t<div class=\"elementor-gallery-item__overlay\"><\/div>\n\t\t\t\t\t\t\t\t\t\t\t\t\t\t<\/a>\n\t\t\t\t\t\t\t<a class=\"e-gallery-item elementor-gallery-item elementor-animated-content\" href=\"https:\/\/camisaecia.com\/site\/wp-content\/uploads\/2023\/09\/Social-Manga-Curta-3.jpg\" data-elementor-open-lightbox=\"yes\" data-elementor-lightbox-slideshow=\"all-7710f1f\" data-elementor-lightbox-title=\"Social - Manga Curta (3)\" data-e-action-hash=\"#elementor-action%3Aaction%3Dlightbox%26settings%3DeyJpZCI6Mzc2NiwidXJsIjoiaHR0cHM6XC9cL2NhbWlzYWVjaWEuY29tXC9zaXRlXC93cC1jb250ZW50XC91cGxvYWRzXC8yMDIzXC8wOVwvU29jaWFsLU1hbmdhLUN1cnRhLTMuanBnIiwic2xpZGVzaG93IjoiYWxsLTc3MTBmMWYifQ%3D%3D\">\n\t\t\t\t\t<div class=\"e-gallery-image elementor-gallery-item__image\" data-thumbnail=\"https:\/\/camisaecia.com\/site\/wp-content\/uploads\/2023\/09\/Social-Manga-Curta-3.jpg\" data-width=\"413\" data-height=\"620\" alt=\"\" ><\/div>\n\t\t\t\t\t\t\t\t\t\t\t<div class=\"elementor-gallery-item__overlay\"><\/div>\n\t\t\t\t\t\t\t\t\t\t\t\t\t\t<\/a>\n\t\t\t\t\t\t\t<a class=\"e-gallery-item elementor-gallery-item elementor-animated-content\" href=\"https:\/\/camisaecia.com\/site\/wp-content\/uploads\/2023\/09\/Social-Manga-Curta-4.jpg\" data-elementor-open-lightbox=\"yes\" data-elementor-lightbox-slideshow=\"all-7710f1f\" data-elementor-lightbox-title=\"Social - Manga Curta (4)\" data-e-action-hash=\"#elementor-action%3Aaction%3Dlightbox%26settings%3DeyJpZCI6Mzc2NywidXJsIjoiaHR0cHM6XC9cL2NhbWlzYWVjaWEuY29tXC9zaXRlXC93cC1jb250ZW50XC91cGxvYWRzXC8yMDIzXC8wOVwvU29jaWFsLU1hbmdhLUN1cnRhLTQuanBnIiwic2xpZGVzaG93IjoiYWxsLTc3MTBmMWYifQ%3D%3D\">\n\t\t\t\t\t<div class=\"e-gallery-image elementor-gallery-item__image\" data-thumbnail=\"https:\/\/camisaecia.com\/site\/wp-content\/uploads\/2023\/09\/Social-Manga-Curta-4.jpg\" data-width=\"413\" data-height=\"620\" alt=\"\" ><\/div>\n\t\t\t\t\t\t\t\t\t\t\t<div class=\"elementor-gallery-item__overlay\"><\/div>\n\t\t\t\t\t\t\t\t\t\t\t\t\t\t<\/a>\n\t\t\t\t\t\t\t<a class=\"e-gallery-item elementor-gallery-item elementor-animated-content\" href=\"https:\/\/camisaecia.com\/site\/wp-content\/uploads\/2023\/09\/Social-Manga-Curta-5.jpg\" data-elementor-open-lightbox=\"yes\" data-elementor-lightbox-slideshow=\"all-7710f1f\" data-elementor-lightbox-title=\"Social - Manga Curta (5)\" data-e-action-hash=\"#elementor-action%3Aaction%3Dlightbox%26settings%3DeyJpZCI6Mzc2OCwidXJsIjoiaHR0cHM6XC9cL2NhbWlzYWVjaWEuY29tXC9zaXRlXC93cC1jb250ZW50XC91cGxvYWRzXC8yMDIzXC8wOVwvU29jaWFsLU1hbmdhLUN1cnRhLTUuanBnIiwic2xpZGVzaG93IjoiYWxsLTc3MTBmMWYifQ%3D%3D\">\n\t\t\t\t\t<div class=\"e-gallery-image elementor-gallery-item__image\" data-thumbnail=\"https:\/\/camisaecia.com\/site\/wp-content\/uploads\/2023\/09\/Social-Manga-Curta-5.jpg\" data-width=\"413\" data-height=\"620\" alt=\"\" ><\/div>\n\t\t\t\t\t\t\t\t\t\t\t<div class=\"elementor-gallery-item__overlay\"><\/div>\n\t\t\t\t\t\t\t\t\t\t\t\t\t\t<\/a>\n\t\t\t\t\t\t\t<a class=\"e-gallery-item elementor-gallery-item elementor-animated-content\" href=\"https:\/\/camisaecia.com\/site\/wp-content\/uploads\/2023\/09\/Social-Manga-Curta-6.jpg\" data-elementor-open-lightbox=\"yes\" data-elementor-lightbox-slideshow=\"all-7710f1f\" data-elementor-lightbox-title=\"Social - Manga Curta (6)\" data-e-action-hash=\"#elementor-action%3Aaction%3Dlightbox%26settings%3DeyJpZCI6Mzc2OSwidXJsIjoiaHR0cHM6XC9cL2NhbWlzYWVjaWEuY29tXC9zaXRlXC93cC1jb250ZW50XC91cGxvYWRzXC8yMDIzXC8wOVwvU29jaWFsLU1hbmdhLUN1cnRhLTYuanBnIiwic2xpZGVzaG93IjoiYWxsLTc3MTBmMWYifQ%3D%3D\">\n\t\t\t\t\t<div class=\"e-gallery-image elementor-gallery-item__image\" data-thumbnail=\"https:\/\/camisaecia.com\/site\/wp-content\/uploads\/2023\/09\/Social-Manga-Curta-6.jpg\" data-width=\"413\" data-height=\"620\" alt=\"\" ><\/div>\n\t\t\t\t\t\t\t\t\t\t\t<div class=\"elementor-gallery-item__overlay\"><\/div>\n\t\t\t\t\t\t\t\t\t\t\t\t\t\t<\/a>\n\t\t\t\t\t\t\t<a class=\"e-gallery-item elementor-gallery-item elementor-animated-content\" href=\"https:\/\/camisaecia.com\/site\/wp-content\/uploads\/2023\/09\/Social-Manga-Curta-7.jpg\" data-elementor-open-lightbox=\"yes\" data-elementor-lightbox-slideshow=\"all-7710f1f\" data-elementor-lightbox-title=\"Social - Manga Curta (7)\" data-e-action-hash=\"#elementor-action%3Aaction%3Dlightbox%26settings%3DeyJpZCI6Mzc3MCwidXJsIjoiaHR0cHM6XC9cL2NhbWlzYWVjaWEuY29tXC9zaXRlXC93cC1jb250ZW50XC91cGxvYWRzXC8yMDIzXC8wOVwvU29jaWFsLU1hbmdhLUN1cnRhLTcuanBnIiwic2xpZGVzaG93IjoiYWxsLTc3MTBmMWYifQ%3D%3D\">\n\t\t\t\t\t<div class=\"e-gallery-image elementor-gallery-item__image\" data-thumbnail=\"https:\/\/camisaecia.com\/site\/wp-content\/uploads\/2023\/09\/Social-Manga-Curta-7.jpg\" data-width=\"413\" data-height=\"620\" alt=\"\" ><\/div>\n\t\t\t\t\t\t\t\t\t\t\t<div class=\"elementor-gallery-item__overlay\"><\/div>\n\t\t\t\t\t\t\t\t\t\t\t\t\t\t<\/a>\n\t\t\t\t\t\t\t<a class=\"e-gallery-item elementor-gallery-item elementor-animated-content\" href=\"https:\/\/camisaecia.com\/site\/wp-content\/uploads\/2023\/09\/Social-Manga-Curta-8.jpg\" data-elementor-open-lightbox=\"yes\" data-elementor-lightbox-slideshow=\"all-7710f1f\" data-elementor-lightbox-title=\"Social - Manga Curta (8)\" data-e-action-hash=\"#elementor-action%3Aaction%3Dlightbox%26settings%3DeyJpZCI6Mzc3MSwidXJsIjoiaHR0cHM6XC9cL2NhbWlzYWVjaWEuY29tXC9zaXRlXC93cC1jb250ZW50XC91cGxvYWRzXC8yMDIzXC8wOVwvU29jaWFsLU1hbmdhLUN1cnRhLTguanBnIiwic2xpZGVzaG93IjoiYWxsLTc3MTBmMWYifQ%3D%3D\">\n\t\t\t\t\t<div class=\"e-gallery-image elementor-gallery-item__image\" data-thumbnail=\"https:\/\/camisaecia.com\/site\/wp-content\/uploads\/2023\/09\/Social-Manga-Curta-8.jpg\" data-width=\"413\" data-height=\"620\" alt=\"\" ><\/div>\n\t\t\t\t\t\t\t\t\t\t\t<div class=\"elementor-gallery-item__overlay\"><\/div>\n\t\t\t\t\t\t\t\t\t\t\t\t\t\t<\/a>\n\t\t\t\t\t\t\t<a class=\"e-gallery-item elementor-gallery-item elementor-animated-content\" href=\"https:\/\/camisaecia.com\/site\/wp-content\/uploads\/2023\/09\/Social-Manga-Curta-9.jpg\" data-elementor-open-lightbox=\"yes\" data-elementor-lightbox-slideshow=\"all-7710f1f\" data-elementor-lightbox-title=\"Social - Manga Curta (9)\" data-e-action-hash=\"#elementor-action%3Aaction%3Dlightbox%26settings%3DeyJpZCI6Mzc3MiwidXJsIjoiaHR0cHM6XC9cL2NhbWlzYWVjaWEuY29tXC9zaXRlXC93cC1jb250ZW50XC91cGxvYWRzXC8yMDIzXC8wOVwvU29jaWFsLU1hbmdhLUN1cnRhLTkuanBnIiwic2xpZGVzaG93IjoiYWxsLTc3MTBmMWYifQ%3D%3D\">\n\t\t\t\t\t<div class=\"e-gallery-image elementor-gallery-item__image\" data-thumbnail=\"https:\/\/camisaecia.com\/site\/wp-content\/uploads\/2023\/09\/Social-Manga-Curta-9.jpg\" data-width=\"413\" data-height=\"620\" alt=\"\" ><\/div>\n\t\t\t\t\t\t\t\t\t\t\t<div class=\"elementor-gallery-item__overlay\"><\/div>\n\t\t\t\t\t\t\t\t\t\t\t\t\t\t<\/a>\n\t\t\t\t\t\t\t<a class=\"e-gallery-item elementor-gallery-item elementor-animated-content\" href=\"https:\/\/camisaecia.com\/site\/wp-content\/uploads\/2023\/09\/Social-Manga-Curta-11.jpg\" data-elementor-open-lightbox=\"yes\" data-elementor-lightbox-slideshow=\"all-7710f1f\" data-elementor-lightbox-title=\"Social - Manga Curta (11)\" data-e-action-hash=\"#elementor-action%3Aaction%3Dlightbox%26settings%3DeyJpZCI6Mzc3MywidXJsIjoiaHR0cHM6XC9cL2NhbWlzYWVjaWEuY29tXC9zaXRlXC93cC1jb250ZW50XC91cGxvYWRzXC8yMDIzXC8wOVwvU29jaWFsLU1hbmdhLUN1cnRhLTExLmpwZyIsInNsaWRlc2hvdyI6ImFsbC03NzEwZjFmIn0%3D\">\n\t\t\t\t\t<div class=\"e-gallery-image elementor-gallery-item__image\" data-thumbnail=\"https:\/\/camisaecia.com\/site\/wp-content\/uploads\/2023\/09\/Social-Manga-Curta-11.jpg\" data-width=\"413\" data-height=\"620\" alt=\"\" ><\/div>\n\t\t\t\t\t\t\t\t\t\t\t<div class=\"elementor-gallery-item__overlay\"><\/div>\n\t\t\t\t\t\t\t\t\t\t\t\t\t\t<\/a>\n\t\t\t\t\t\t\t<a class=\"e-gallery-item elementor-gallery-item elementor-animated-content\" href=\"https:\/\/camisaecia.com\/site\/wp-content\/uploads\/2023\/09\/Social-Manga-Curta-12.jpg\" data-elementor-open-lightbox=\"yes\" data-elementor-lightbox-slideshow=\"all-7710f1f\" data-elementor-lightbox-title=\"Social - Manga Curta (12)\" data-e-action-hash=\"#elementor-action%3Aaction%3Dlightbox%26settings%3DeyJpZCI6Mzc3NCwidXJsIjoiaHR0cHM6XC9cL2NhbWlzYWVjaWEuY29tXC9zaXRlXC93cC1jb250ZW50XC91cGxvYWRzXC8yMDIzXC8wOVwvU29jaWFsLU1hbmdhLUN1cnRhLTEyLmpwZyIsInNsaWRlc2hvdyI6ImFsbC03NzEwZjFmIn0%3D\">\n\t\t\t\t\t<div class=\"e-gallery-image elementor-gallery-item__image\" data-thumbnail=\"https:\/\/camisaecia.com\/site\/wp-content\/uploads\/2023\/09\/Social-Manga-Curta-12.jpg\" data-width=\"413\" data-height=\"620\" alt=\"\" ><\/div>\n\t\t\t\t\t\t\t\t\t\t\t<div class=\"elementor-gallery-item__overlay\"><\/div>\n\t\t\t\t\t\t\t\t\t\t\t\t\t\t<\/a>\n\t\t\t\t\t\t\t<a class=\"e-gallery-item elementor-gallery-item elementor-animated-content\" href=\"https:\/\/camisaecia.com\/site\/wp-content\/uploads\/2023\/09\/Social-Manga-Curta-13.jpg\" data-elementor-open-lightbox=\"yes\" data-elementor-lightbox-slideshow=\"all-7710f1f\" data-elementor-lightbox-title=\"Social - Manga Curta (13)\" data-e-action-hash=\"#elementor-action%3Aaction%3Dlightbox%26settings%3DeyJpZCI6Mzc3NSwidXJsIjoiaHR0cHM6XC9cL2NhbWlzYWVjaWEuY29tXC9zaXRlXC93cC1jb250ZW50XC91cGxvYWRzXC8yMDIzXC8wOVwvU29jaWFsLU1hbmdhLUN1cnRhLTEzLmpwZyIsInNsaWRlc2hvdyI6ImFsbC03NzEwZjFmIn0%3D\">\n\t\t\t\t\t<div class=\"e-gallery-image elementor-gallery-item__image\" data-thumbnail=\"https:\/\/camisaecia.com\/site\/wp-content\/uploads\/2023\/09\/Social-Manga-Curta-13.jpg\" data-width=\"800\" data-height=\"533\" alt=\"\" ><\/div>\n\t\t\t\t\t\t\t\t\t\t\t<div class=\"elementor-gallery-item__overlay\"><\/div>\n\t\t\t\t\t\t\t\t\t\t\t\t\t\t<\/a>\n\t\t\t\t\t\t\t<a class=\"e-gallery-item elementor-gallery-item elementor-animated-content\" href=\"https:\/\/camisaecia.com\/site\/wp-content\/uploads\/2023\/09\/Social-Manga-Curta-14.jpg\" data-elementor-open-lightbox=\"yes\" data-elementor-lightbox-slideshow=\"all-7710f1f\" data-elementor-lightbox-title=\"Social - Manga Curta (14)\" data-e-action-hash=\"#elementor-action%3Aaction%3Dlightbox%26settings%3DeyJpZCI6Mzc3NiwidXJsIjoiaHR0cHM6XC9cL2NhbWlzYWVjaWEuY29tXC9zaXRlXC93cC1jb250ZW50XC91cGxvYWRzXC8yMDIzXC8wOVwvU29jaWFsLU1hbmdhLUN1cnRhLTE0LmpwZyIsInNsaWRlc2hvdyI6ImFsbC03NzEwZjFmIn0%3D\">\n\t\t\t\t\t<div class=\"e-gallery-image elementor-gallery-item__image\" data-thumbnail=\"https:\/\/camisaecia.com\/site\/wp-content\/uploads\/2023\/09\/Social-Manga-Curta-14.jpg\" data-width=\"413\" data-height=\"620\" alt=\"\" ><\/div>\n\t\t\t\t\t\t\t\t\t\t\t<div class=\"elementor-gallery-item__overlay\"><\/div>\n\t\t\t\t\t\t\t\t\t\t\t\t\t\t<\/a>\n\t\t\t\t\t<\/div>\n\t\t\t\t\t<\/div>\n\t\t\t\t<\/div>\n\t\t\t\t\t<\/div>\n\t\t\t\t<\/div>\n\t\t\t\t<\/div>\n\t\t","protected":false},"excerpt":{"rendered":"<p>Camisa Social Manga Curta O melhor para Voc\u00ea As camisas Sociais de manga Curta s\u00e3o produzidas com panos especiais e etc. As camisas Sociais de manga Curta s\u00e3o produzidas com panos especiais e etc.As camisas Sociais de manga Curta s\u00e3o produzidas com panos especiais e etc.As camisas Sociais de manga Curta s\u00e3o produzidas com panos [&hellip;]<\/p>\n","protected":false},"author":1,"featured_media":0,"parent":0,"menu_order":0,"comment_status":"closed","ping_status":"closed","template":"elementor_header_footer","meta":{"footnotes":""},"class_list":["post-3761","page","type-page","status-publish","hentry"],"_links":{"self":[{"href":"https:\/\/camisaecia.com\/site\/wp-json\/wp\/v2\/pages\/3761","targetHints":{"allow":["GET"]}}],"collection":[{"href":"https:\/\/camisaecia.com\/site\/wp-json\/wp\/v2\/pages"}],"about":[{"href":"https:\/\/camisaecia.com\/site\/wp-json\/wp\/v2\/types\/page"}],"author":[{"embeddable":true,"href":"https:\/\/camisaecia.com\/site\/wp-json\/wp\/v2\/users\/1"}],"replies":[{"embeddable":true,"href":"https:\/\/camisaecia.com\/site\/wp-json\/wp\/v2\/comments?post=3761"}],"version-history":[{"count":10,"href":"https:\/\/camisaecia.com\/site\/wp-json\/wp\/v2\/pages\/3761\/revisions"}],"predecessor-version":[{"id":3785,"href":"https:\/\/camisaecia.com\/site\/wp-json\/wp\/v2\/pages\/3761\/revisions\/3785"}],"wp:attachment":[{"href":"https:\/\/camisaecia.com\/site\/wp-json\/wp\/v2\/media?parent=3761"}],"curies":[{"name":"wp","href":"https:\/\/api.w.org\/{rel}","templated":true}]}}