{"id":3812,"date":"2023-09-06T23:30:40","date_gmt":"2023-09-07T02:30:40","guid":{"rendered":"https:\/\/camisaecia.com\/site\/?page_id=3812"},"modified":"2025-04-24T21:32:39","modified_gmt":"2025-04-25T00:32:39","slug":"camisa-para-esporte","status":"publish","type":"page","link":"https:\/\/camisaecia.com\/site\/camisa-para-esporte\/","title":{"rendered":"Camisa para Esporte"},"content":{"rendered":"\t\t<div data-elementor-type=\"wp-page\" data-elementor-id=\"3812\" class=\"elementor elementor-3812\">\n\t\t\t\t<div class=\"elementor-element elementor-element-e618a93 e-flex e-con-boxed e-con e-parent\" data-id=\"e618a93\" data-element_type=\"container\">\n\t\t\t\t\t<div class=\"e-con-inner\">\n\t\t\t\t<div class=\"elementor-element elementor-element-a3ea979 elementor-widget elementor-widget-heading\" data-id=\"a3ea979\" data-element_type=\"widget\" data-widget_type=\"heading.default\">\n\t\t\t\t<div class=\"elementor-widget-container\">\n\t\t\t\t\t<h2 class=\"elementor-heading-title elementor-size-default\">Camisa para Esporte<\/h2>\t\t\t\t<\/div>\n\t\t\t\t<\/div>\n\t\t\t\t\t<\/div>\n\t\t\t\t<\/div>\n\t\t<div class=\"elementor-element elementor-element-18bfae7 e-flex e-con-boxed e-con e-parent\" data-id=\"18bfae7\" data-element_type=\"container\">\n\t\t\t\t\t<div class=\"e-con-inner\">\n\t\t<div class=\"elementor-element elementor-element-ca013c6 e-flex e-con-boxed e-con e-child\" data-id=\"ca013c6\" data-element_type=\"container\">\n\t\t\t\t\t<div class=\"e-con-inner\">\n\t\t<div class=\"elementor-element elementor-element-da803f6 e-con-full e-flex e-con e-child\" data-id=\"da803f6\" data-element_type=\"container\">\n\t\t\t\t<div class=\"elementor-element elementor-element-72b8e6e elementor-widget-tablet__width-initial elementor-widget elementor-widget-image\" data-id=\"72b8e6e\" data-element_type=\"widget\" data-widget_type=\"image.default\">\n\t\t\t\t<div class=\"elementor-widget-container\">\n\t\t\t\t\t\t\t\t\t\t\t\t\t\t\t<img fetchpriority=\"high\" decoding=\"async\" width=\"413\" height=\"620\" src=\"https:\/\/camisaecia.com\/site\/wp-content\/uploads\/2023\/09\/Camisa-Esporte-Personalizada-8.jpg\" class=\"attachment-large size-large wp-image-3814\" alt=\"\" srcset=\"https:\/\/camisaecia.com\/site\/wp-content\/uploads\/2023\/09\/Camisa-Esporte-Personalizada-8.jpg 413w, https:\/\/camisaecia.com\/site\/wp-content\/uploads\/2023\/09\/Camisa-Esporte-Personalizada-8-200x300.jpg 200w\" sizes=\"(max-width: 413px) 100vw, 413px\" \/>\t\t\t\t\t\t\t\t\t\t\t\t\t\t\t<\/div>\n\t\t\t\t<\/div>\n\t\t\t\t<\/div>\n\t\t<div class=\"elementor-element elementor-element-81a4f5d e-con-full e-flex e-con e-child\" data-id=\"81a4f5d\" data-element_type=\"container\">\n\t\t\t\t<div class=\"elementor-element elementor-element-441bb14 elementor-widget elementor-widget-heading\" data-id=\"441bb14\" data-element_type=\"widget\" data-widget_type=\"heading.default\">\n\t\t\t\t<div class=\"elementor-widget-container\">\n\t\t\t\t\t<h4 class=\"elementor-heading-title elementor-size-default\">O melhor para Voc\u00ea<\/h4>\t\t\t\t<\/div>\n\t\t\t\t<\/div>\n\t\t\t\t<div class=\"elementor-element elementor-element-37a32fe elementor-widget elementor-widget-text-editor\" data-id=\"37a32fe\" data-element_type=\"widget\" data-widget_type=\"text-editor.default\">\n\t\t\t\t<div class=\"elementor-widget-container\">\n\t\t\t\t\t\t\t\t\t<p>As camisas para Esporte s\u00e3o produzidas com panos especiais e etc. As camisas para Esporte s\u00e3o produzidas com panos especiais e etc.As camisas para Esporte s\u00e3o produzidas com panos especiais e etc.As camisas para Esporte s\u00e3o produzidas com panos especiais e etc.As camisas para Esporte s\u00e3o produzidas com panos especiais e etc.As camisas para Esporte s\u00e3o produzidas com panos especiais e etc.<\/p>\t\t\t\t\t\t\t\t<\/div>\n\t\t\t\t<\/div>\n\t\t\t\t<div class=\"elementor-element elementor-element-a54d3df elementor-align-center elementor-widget elementor-widget-button\" data-id=\"a54d3df\" data-element_type=\"widget\" data-widget_type=\"button.default\">\n\t\t\t\t<div class=\"elementor-widget-container\">\n\t\t\t\t\t\t\t\t\t<div class=\"elementor-button-wrapper\">\n\t\t\t\t\t<a class=\"elementor-button elementor-button-link elementor-size-sm\" href=\"https:\/\/wa.me\/553134374990?text=Oii%2C%20tenho%20interesse%20em%20fazer%20camisas%20personalizadas%20com%20voc%C3%AAs!%20\">\n\t\t\t\t\t\t<span class=\"elementor-button-content-wrapper\">\n\t\t\t\t\t\t\t\t\t<span class=\"elementor-button-text\">Solicite um Or\u00e7amento<\/span>\n\t\t\t\t\t<\/span>\n\t\t\t\t\t<\/a>\n\t\t\t\t<\/div>\n\t\t\t\t\t\t\t\t<\/div>\n\t\t\t\t<\/div>\n\t\t\t\t<\/div>\n\t\t\t\t\t<\/div>\n\t\t\t\t<\/div>\n\t\t\t\t\t<\/div>\n\t\t\t\t<\/div>\n\t\t<div class=\"elementor-element elementor-element-797161a e-flex e-con-boxed e-con e-parent\" data-id=\"797161a\" data-element_type=\"container\">\n\t\t\t\t\t<div class=\"e-con-inner\">\n\t\t\t\t<div class=\"elementor-element elementor-element-7710f1f elementor-widget elementor-widget-gallery\" data-id=\"7710f1f\" data-element_type=\"widget\" data-settings=\"{&quot;gallery_layout&quot;:&quot;justified&quot;,&quot;gap&quot;:{&quot;unit&quot;:&quot;px&quot;,&quot;size&quot;:20,&quot;sizes&quot;:[]},&quot;ideal_row_height&quot;:{&quot;unit&quot;:&quot;px&quot;,&quot;size&quot;:304,&quot;sizes&quot;:[]},&quot;ideal_row_height_tablet&quot;:{&quot;unit&quot;:&quot;px&quot;,&quot;size&quot;:150,&quot;sizes&quot;:[]},&quot;ideal_row_height_mobile&quot;:{&quot;unit&quot;:&quot;px&quot;,&quot;size&quot;:150,&quot;sizes&quot;:[]},&quot;gap_tablet&quot;:{&quot;unit&quot;:&quot;px&quot;,&quot;size&quot;:10,&quot;sizes&quot;:[]},&quot;gap_mobile&quot;:{&quot;unit&quot;:&quot;px&quot;,&quot;size&quot;:10,&quot;sizes&quot;:[]},&quot;link_to&quot;:&quot;file&quot;,&quot;overlay_background&quot;:&quot;yes&quot;,&quot;content_hover_animation&quot;:&quot;fade-in&quot;}\" data-widget_type=\"gallery.default\">\n\t\t\t\t<div class=\"elementor-widget-container\">\n\t\t\t\t\t\t\t<div class=\"elementor-gallery__container\">\n\t\t\t\t\t\t\t<a class=\"e-gallery-item elementor-gallery-item elementor-animated-content\" href=\"https:\/\/camisaecia.com\/site\/wp-content\/uploads\/2023\/09\/Camisa-Esporte-Personalizada-5.jpg\" data-elementor-open-lightbox=\"yes\" data-elementor-lightbox-slideshow=\"all-7710f1f\" data-elementor-lightbox-title=\"Camisa Esporte Personalizada (5)\" data-e-action-hash=\"#elementor-action%3Aaction%3Dlightbox%26settings%3DeyJpZCI6MzgxOSwidXJsIjoiaHR0cHM6XC9cL2NhbWlzYWVjaWEuY29tXC9zaXRlXC93cC1jb250ZW50XC91cGxvYWRzXC8yMDIzXC8wOVwvQ2FtaXNhLUVzcG9ydGUtUGVyc29uYWxpemFkYS01LmpwZyIsInNsaWRlc2hvdyI6ImFsbC03NzEwZjFmIn0%3D\">\n\t\t\t\t\t<div class=\"e-gallery-image elementor-gallery-item__image\" data-thumbnail=\"https:\/\/camisaecia.com\/site\/wp-content\/uploads\/2023\/09\/Camisa-Esporte-Personalizada-5.jpg\" data-width=\"413\" data-height=\"620\" alt=\"\" ><\/div>\n\t\t\t\t\t\t\t\t\t\t\t<div class=\"elementor-gallery-item__overlay\"><\/div>\n\t\t\t\t\t\t\t\t\t\t\t\t\t\t<\/a>\n\t\t\t\t\t\t\t<a class=\"e-gallery-item elementor-gallery-item elementor-animated-content\" href=\"https:\/\/camisaecia.com\/site\/wp-content\/uploads\/2023\/09\/Camisa-Esporte-Personalizada-6.jpg\" data-elementor-open-lightbox=\"yes\" data-elementor-lightbox-slideshow=\"all-7710f1f\" data-elementor-lightbox-title=\"Camisa Esporte Personalizada (6)\" data-e-action-hash=\"#elementor-action%3Aaction%3Dlightbox%26settings%3DeyJpZCI6MzgyMCwidXJsIjoiaHR0cHM6XC9cL2NhbWlzYWVjaWEuY29tXC9zaXRlXC93cC1jb250ZW50XC91cGxvYWRzXC8yMDIzXC8wOVwvQ2FtaXNhLUVzcG9ydGUtUGVyc29uYWxpemFkYS02LmpwZyIsInNsaWRlc2hvdyI6ImFsbC03NzEwZjFmIn0%3D\">\n\t\t\t\t\t<div class=\"e-gallery-image elementor-gallery-item__image\" data-thumbnail=\"https:\/\/camisaecia.com\/site\/wp-content\/uploads\/2023\/09\/Camisa-Esporte-Personalizada-6.jpg\" data-width=\"413\" data-height=\"620\" alt=\"\" ><\/div>\n\t\t\t\t\t\t\t\t\t\t\t<div class=\"elementor-gallery-item__overlay\"><\/div>\n\t\t\t\t\t\t\t\t\t\t\t\t\t\t<\/a>\n\t\t\t\t\t\t\t<a class=\"e-gallery-item elementor-gallery-item elementor-animated-content\" href=\"https:\/\/camisaecia.com\/site\/wp-content\/uploads\/2023\/09\/Camisa-Esporte-Personalizada-7.jpg\" data-elementor-open-lightbox=\"yes\" data-elementor-lightbox-slideshow=\"all-7710f1f\" data-elementor-lightbox-title=\"Camisa Esporte Personalizada (7)\" data-e-action-hash=\"#elementor-action%3Aaction%3Dlightbox%26settings%3DeyJpZCI6MzgyMSwidXJsIjoiaHR0cHM6XC9cL2NhbWlzYWVjaWEuY29tXC9zaXRlXC93cC1jb250ZW50XC91cGxvYWRzXC8yMDIzXC8wOVwvQ2FtaXNhLUVzcG9ydGUtUGVyc29uYWxpemFkYS03LmpwZyIsInNsaWRlc2hvdyI6ImFsbC03NzEwZjFmIn0%3D\">\n\t\t\t\t\t<div class=\"e-gallery-image elementor-gallery-item__image\" data-thumbnail=\"https:\/\/camisaecia.com\/site\/wp-content\/uploads\/2023\/09\/Camisa-Esporte-Personalizada-7.jpg\" data-width=\"413\" data-height=\"620\" alt=\"\" ><\/div>\n\t\t\t\t\t\t\t\t\t\t\t<div class=\"elementor-gallery-item__overlay\"><\/div>\n\t\t\t\t\t\t\t\t\t\t\t\t\t\t<\/a>\n\t\t\t\t\t\t\t<a class=\"e-gallery-item elementor-gallery-item elementor-animated-content\" href=\"https:\/\/camisaecia.com\/site\/wp-content\/uploads\/2023\/09\/Camisa-Esporte-Personalizada-9.jpg\" data-elementor-open-lightbox=\"yes\" data-elementor-lightbox-slideshow=\"all-7710f1f\" data-elementor-lightbox-title=\"Camisa Esporte Personalizada (9)\" data-e-action-hash=\"#elementor-action%3Aaction%3Dlightbox%26settings%3DeyJpZCI6MzgyMiwidXJsIjoiaHR0cHM6XC9cL2NhbWlzYWVjaWEuY29tXC9zaXRlXC93cC1jb250ZW50XC91cGxvYWRzXC8yMDIzXC8wOVwvQ2FtaXNhLUVzcG9ydGUtUGVyc29uYWxpemFkYS05LmpwZyIsInNsaWRlc2hvdyI6ImFsbC03NzEwZjFmIn0%3D\">\n\t\t\t\t\t<div class=\"e-gallery-image elementor-gallery-item__image\" data-thumbnail=\"https:\/\/camisaecia.com\/site\/wp-content\/uploads\/2023\/09\/Camisa-Esporte-Personalizada-9.jpg\" data-width=\"413\" data-height=\"620\" alt=\"\" ><\/div>\n\t\t\t\t\t\t\t\t\t\t\t<div class=\"elementor-gallery-item__overlay\"><\/div>\n\t\t\t\t\t\t\t\t\t\t\t\t\t\t<\/a>\n\t\t\t\t\t\t\t<a class=\"e-gallery-item elementor-gallery-item elementor-animated-content\" href=\"https:\/\/camisaecia.com\/site\/wp-content\/uploads\/2023\/09\/Camisa-Esporte-Personalizada-10.jpg\" data-elementor-open-lightbox=\"yes\" data-elementor-lightbox-slideshow=\"all-7710f1f\" data-elementor-lightbox-title=\"Camisa Esporte Personalizada (10)\" data-e-action-hash=\"#elementor-action%3Aaction%3Dlightbox%26settings%3DeyJpZCI6MzgyMywidXJsIjoiaHR0cHM6XC9cL2NhbWlzYWVjaWEuY29tXC9zaXRlXC93cC1jb250ZW50XC91cGxvYWRzXC8yMDIzXC8wOVwvQ2FtaXNhLUVzcG9ydGUtUGVyc29uYWxpemFkYS0xMC5qcGciLCJzbGlkZXNob3ciOiJhbGwtNzcxMGYxZiJ9\">\n\t\t\t\t\t<div class=\"e-gallery-image elementor-gallery-item__image\" data-thumbnail=\"https:\/\/camisaecia.com\/site\/wp-content\/uploads\/2023\/09\/Camisa-Esporte-Personalizada-10.jpg\" data-width=\"413\" data-height=\"620\" alt=\"\" ><\/div>\n\t\t\t\t\t\t\t\t\t\t\t<div class=\"elementor-gallery-item__overlay\"><\/div>\n\t\t\t\t\t\t\t\t\t\t\t\t\t\t<\/a>\n\t\t\t\t\t\t\t<a class=\"e-gallery-item elementor-gallery-item elementor-animated-content\" href=\"https:\/\/camisaecia.com\/site\/wp-content\/uploads\/2023\/09\/Camisa-Esporte-Personalizada-11.jpg\" data-elementor-open-lightbox=\"yes\" data-elementor-lightbox-slideshow=\"all-7710f1f\" data-elementor-lightbox-title=\"Camisa Esporte Personalizada (11)\" data-e-action-hash=\"#elementor-action%3Aaction%3Dlightbox%26settings%3DeyJpZCI6MzgyNCwidXJsIjoiaHR0cHM6XC9cL2NhbWlzYWVjaWEuY29tXC9zaXRlXC93cC1jb250ZW50XC91cGxvYWRzXC8yMDIzXC8wOVwvQ2FtaXNhLUVzcG9ydGUtUGVyc29uYWxpemFkYS0xMS5qcGciLCJzbGlkZXNob3ciOiJhbGwtNzcxMGYxZiJ9\">\n\t\t\t\t\t<div class=\"e-gallery-image elementor-gallery-item__image\" data-thumbnail=\"https:\/\/camisaecia.com\/site\/wp-content\/uploads\/2023\/09\/Camisa-Esporte-Personalizada-11.jpg\" data-width=\"413\" data-height=\"620\" alt=\"\" ><\/div>\n\t\t\t\t\t\t\t\t\t\t\t<div class=\"elementor-gallery-item__overlay\"><\/div>\n\t\t\t\t\t\t\t\t\t\t\t\t\t\t<\/a>\n\t\t\t\t\t<\/div>\n\t\t\t\t\t<\/div>\n\t\t\t\t<\/div>\n\t\t\t\t\t<\/div>\n\t\t\t\t<\/div>\n\t\t\t\t<\/div>\n\t\t","protected":false},"excerpt":{"rendered":"<p>Camisa para Esporte O melhor para Voc\u00ea As camisas para Esporte s\u00e3o produzidas com panos especiais e etc. As camisas para Esporte s\u00e3o produzidas com panos especiais e etc.As camisas para Esporte s\u00e3o produzidas com panos especiais e etc.As camisas para Esporte s\u00e3o produzidas com panos especiais e etc.As camisas para Esporte s\u00e3o produzidas com [&hellip;]<\/p>\n","protected":false},"author":1,"featured_media":0,"parent":0,"menu_order":0,"comment_status":"closed","ping_status":"closed","template":"elementor_header_footer","meta":{"footnotes":""},"class_list":["post-3812","page","type-page","status-publish","hentry"],"_links":{"self":[{"href":"https:\/\/camisaecia.com\/site\/wp-json\/wp\/v2\/pages\/3812","targetHints":{"allow":["GET"]}}],"collection":[{"href":"https:\/\/camisaecia.com\/site\/wp-json\/wp\/v2\/pages"}],"about":[{"href":"https:\/\/camisaecia.com\/site\/wp-json\/wp\/v2\/types\/page"}],"author":[{"embeddable":true,"href":"https:\/\/camisaecia.com\/site\/wp-json\/wp\/v2\/users\/1"}],"replies":[{"embeddable":true,"href":"https:\/\/camisaecia.com\/site\/wp-json\/wp\/v2\/comments?post=3812"}],"version-history":[{"count":7,"href":"https:\/\/camisaecia.com\/site\/wp-json\/wp\/v2\/pages\/3812\/revisions"}],"predecessor-version":[{"id":4121,"href":"https:\/\/camisaecia.com\/site\/wp-json\/wp\/v2\/pages\/3812\/revisions\/4121"}],"wp:attachment":[{"href":"https:\/\/camisaecia.com\/site\/wp-json\/wp\/v2\/media?parent=3812"}],"curies":[{"name":"wp","href":"https:\/\/api.w.org\/{rel}","templated":true}]}}