{"id":3880,"date":"2023-09-06T23:50:09","date_gmt":"2023-09-07T02:50:09","guid":{"rendered":"https:\/\/camisaecia.com\/site\/?page_id=3880"},"modified":"2025-04-24T21:27:39","modified_gmt":"2025-04-25T00:27:39","slug":"sublimacao-dtf","status":"publish","type":"page","link":"https:\/\/camisaecia.com\/site\/sublimacao-dtf\/","title":{"rendered":"Sublima\u00e7\u00e3o DTF"},"content":{"rendered":"\t\t<div data-elementor-type=\"wp-page\" data-elementor-id=\"3880\" class=\"elementor elementor-3880\">\n\t\t\t\t<div class=\"elementor-element elementor-element-6f946e1 e-con-full e-flex e-con e-parent\" data-id=\"6f946e1\" data-element_type=\"container\">\n\t\t<div class=\"elementor-element elementor-element-5c31907 e-con-full e-flex e-con e-child\" data-id=\"5c31907\" data-element_type=\"container\" data-settings=\"{&quot;background_background&quot;:&quot;classic&quot;}\">\n\t\t\t\t<div class=\"elementor-element elementor-element-28d8eaf elementor-widget__width-inherit elementor--h-position-center elementor--v-position-middle elementor-arrows-position-inside elementor-pagination-position-inside elementor-widget elementor-widget-slides\" data-id=\"28d8eaf\" data-element_type=\"widget\" data-settings=\"{&quot;navigation&quot;:&quot;both&quot;,&quot;autoplay&quot;:&quot;yes&quot;,&quot;pause_on_hover&quot;:&quot;yes&quot;,&quot;pause_on_interaction&quot;:&quot;yes&quot;,&quot;autoplay_speed&quot;:5000,&quot;infinite&quot;:&quot;yes&quot;,&quot;transition&quot;:&quot;slide&quot;,&quot;transition_speed&quot;:500}\" data-widget_type=\"slides.default\">\n\t\t\t\t<div class=\"elementor-widget-container\">\n\t\t\t\t\t\t\t<div class=\"elementor-swiper\">\n\t\t\t<div class=\"elementor-slides-wrapper elementor-main-swiper swiper-container\" dir=\"ltr\" data-animation=\"fadeInUp\">\n\t\t\t\t<div class=\"swiper-wrapper elementor-slides\">\n\t\t\t\t\t\t\t\t\t\t<div class=\"elementor-repeater-item-cbe2a36 swiper-slide\"><div class=\"swiper-slide-bg\"><\/div><div class=\"swiper-slide-inner\" ><div class=\"swiper-slide-contents\"><\/div><\/div><\/div><div class=\"elementor-repeater-item-a189820 swiper-slide\"><div class=\"swiper-slide-bg\"><\/div><div class=\"swiper-slide-inner\" ><div class=\"swiper-slide-contents\"><\/div><\/div><\/div>\t\t\t\t<\/div>\n\t\t\t\t\t\t\t\t\t\t\t\t\t\t\t<div class=\"swiper-pagination\"><\/div>\n\t\t\t\t\t\t\t\t\t\t\t\t\t\t\t\t<div class=\"elementor-swiper-button elementor-swiper-button-prev\">\n\t\t\t\t\t\t\t<i aria-hidden=\"true\" class=\"eicon-chevron-left\"><\/i>\t\t\t\t\t\t\t<span class=\"elementor-screen-only\">Previous<\/span>\n\t\t\t\t\t\t<\/div>\n\t\t\t\t\t\t<div class=\"elementor-swiper-button elementor-swiper-button-next\">\n\t\t\t\t\t\t\t<i aria-hidden=\"true\" class=\"eicon-chevron-right\"><\/i>\t\t\t\t\t\t\t<span class=\"elementor-screen-only\">Next<\/span>\n\t\t\t\t\t\t<\/div>\n\t\t\t\t\t\t\t\t\t\t\t\t<\/div>\n\t\t<\/div>\n\t\t\t\t\t\t<\/div>\n\t\t\t\t<\/div>\n\t\t\t\t<\/div>\n\t\t\t\t<\/div>\n\t\t<div class=\"elementor-element elementor-element-aff5b8a e-flex e-con-boxed e-con e-parent\" data-id=\"aff5b8a\" data-element_type=\"container\">\n\t\t\t\t\t<div class=\"e-con-inner\">\n\t\t\t\t<div class=\"elementor-element elementor-element-f5a658b elementor-widget elementor-widget-heading\" data-id=\"f5a658b\" data-element_type=\"widget\" data-widget_type=\"heading.default\">\n\t\t\t\t<div class=\"elementor-widget-container\">\n\t\t\t\t\t<h2 class=\"elementor-heading-title elementor-size-default\">SUBLIMA\u00c7\u00c3O DTF<\/h2>\t\t\t\t<\/div>\n\t\t\t\t<\/div>\n\t\t\t\t\t<\/div>\n\t\t\t\t<\/div>\n\t\t<div class=\"elementor-element elementor-element-506aacf e-flex e-con-boxed e-con e-parent\" data-id=\"506aacf\" data-element_type=\"container\">\n\t\t\t\t\t<div class=\"e-con-inner\">\n\t\t\t\t<div class=\"elementor-element elementor-element-6d64104 elementor-widget elementor-widget-text-editor\" data-id=\"6d64104\" data-element_type=\"widget\" data-widget_type=\"text-editor.default\">\n\t\t\t\t<div class=\"elementor-widget-container\">\n\t\t\t\t\t\t\t\t\t<p><strong>Impress\u00e3o DTF <\/strong>\u00e9 uma tecnologia nova que est\u00e1 dominando aos poucos o mercado t\u00eaxtil e seu grande diferencial \u00e9 possibilitar a escolha ilimitada de diversos tecidos para serem estampados, obtendo um resultado de excelente qualidade.<\/p>\t\t\t\t\t\t\t\t<\/div>\n\t\t\t\t<\/div>\n\t\t\t\t\t<\/div>\n\t\t\t\t<\/div>\n\t\t<div class=\"elementor-element elementor-element-a29dfa7 e-flex e-con-boxed e-con e-parent\" data-id=\"a29dfa7\" data-element_type=\"container\">\n\t\t\t\t\t<div class=\"e-con-inner\">\n\t\t<div class=\"elementor-element elementor-element-fdbe49e e-con-full e-flex e-con e-child\" data-id=\"fdbe49e\" data-element_type=\"container\">\n\t\t\t\t<div class=\"elementor-element elementor-element-8fc9752 elementor-widget elementor-widget-image\" data-id=\"8fc9752\" data-element_type=\"widget\" data-widget_type=\"image.default\">\n\t\t\t\t<div class=\"elementor-widget-container\">\n\t\t\t\t\t\t\t\t\t\t\t\t\t\t\t<img fetchpriority=\"high\" decoding=\"async\" width=\"500\" height=\"375\" src=\"https:\/\/camisaecia.com\/site\/wp-content\/uploads\/2023\/09\/dtf.jpg\" class=\"attachment-large size-large wp-image-3974\" alt=\"\" srcset=\"https:\/\/camisaecia.com\/site\/wp-content\/uploads\/2023\/09\/dtf.jpg 500w, https:\/\/camisaecia.com\/site\/wp-content\/uploads\/2023\/09\/dtf-300x225.jpg 300w\" sizes=\"(max-width: 500px) 100vw, 500px\" \/>\t\t\t\t\t\t\t\t\t\t\t\t\t\t\t<\/div>\n\t\t\t\t<\/div>\n\t\t\t\t<\/div>\n\t\t<div class=\"elementor-element elementor-element-34f392c e-con-full e-flex e-con e-child\" data-id=\"34f392c\" data-element_type=\"container\">\n\t\t\t\t<div class=\"elementor-element elementor-element-620e862 elementor-widget elementor-widget-heading\" data-id=\"620e862\" data-element_type=\"widget\" data-widget_type=\"heading.default\">\n\t\t\t\t<div class=\"elementor-widget-container\">\n\t\t\t\t\t<h2 class=\"elementor-heading-title elementor-size-default\">O QUE \u00c9 DTF<\/h2>\t\t\t\t<\/div>\n\t\t\t\t<\/div>\n\t\t\t\t<div class=\"elementor-element elementor-element-39e6681 elementor-widget elementor-widget-text-editor\" data-id=\"39e6681\" data-element_type=\"widget\" data-widget_type=\"text-editor.default\">\n\t\t\t\t<div class=\"elementor-widget-container\">\n\t\t\t\t\t\t\t\t\t<p><strong>DTF<\/strong> basicamente s\u00e3o as siglas de <strong>Direct to Film<\/strong>, que traz uma tradu\u00e7\u00e3o pr\u00f3xima de direto no filme.<\/p><p>A impress\u00e3o por <strong>DTF<\/strong> <strong>(Direct to Film)<\/strong> \u00e9 um m\u00e9todo de impress\u00e3o digital usado principalmente na ind\u00fastria t\u00eaxtil para produzir <strong>estampas em tecidos<\/strong>. \u00c9 uma t\u00e9cnica semelhante \u00e0 impress\u00e3o por sublima\u00e7\u00e3o, mas em vez de usar tinta l\u00edquida, utiliza-se uma pel\u00edcula de tinta s\u00f3lida.<\/p><p>O processo de impress\u00e3o por <strong>DTF<\/strong> envolve a impress\u00e3o de uma imagem em um filme de <strong>transfer\u00eancia especial<\/strong>, que \u00e9 posteriormente aplicado ao tecido por meio de calor e press\u00e3o. A tinta s\u00f3lida do filme adere ao tecido, resultando em uma <strong>estampa dur\u00e1vel e vibrante<\/strong>.<\/p>\t\t\t\t\t\t\t\t<\/div>\n\t\t\t\t<\/div>\n\t\t\t\t<div class=\"elementor-element elementor-element-93828d1 elementor-align-center elementor-widget elementor-widget-button\" data-id=\"93828d1\" data-element_type=\"widget\" data-widget_type=\"button.default\">\n\t\t\t\t<div class=\"elementor-widget-container\">\n\t\t\t\t\t\t\t\t\t<div class=\"elementor-button-wrapper\">\n\t\t\t\t\t<a class=\"elementor-button elementor-button-link elementor-size-sm\" href=\"https:\/\/wa.me\/553134374990?text=Oii%2C%20tenho%20interesse%20em%20fazer%20camisas%20personalizadas%20com%20voc%C3%AAs!%20\">\n\t\t\t\t\t\t<span class=\"elementor-button-content-wrapper\">\n\t\t\t\t\t\t\t\t\t<span class=\"elementor-button-text\">Solicito um Or\u00e7amento<\/span>\n\t\t\t\t\t<\/span>\n\t\t\t\t\t<\/a>\n\t\t\t\t<\/div>\n\t\t\t\t\t\t\t\t<\/div>\n\t\t\t\t<\/div>\n\t\t\t\t<\/div>\n\t\t\t\t\t<\/div>\n\t\t\t\t<\/div>\n\t\t<div class=\"elementor-element elementor-element-6e44e7f e-flex e-con-boxed e-con e-parent\" data-id=\"6e44e7f\" data-element_type=\"container\" data-settings=\"{&quot;background_background&quot;:&quot;classic&quot;}\">\n\t\t\t\t\t<div class=\"e-con-inner\">\n\t\t\t\t<div class=\"elementor-element elementor-element-65557b8 elementor-widget elementor-widget-heading\" data-id=\"65557b8\" data-element_type=\"widget\" data-widget_type=\"heading.default\">\n\t\t\t\t<div class=\"elementor-widget-container\">\n\t\t\t\t\t<h1 class=\"elementor-heading-title elementor-size-default\">A estampa \u00e9 impressa em alta resolu\u00e7\u00e3o <br>preservando os detalhes preciosos de sua marca.<\/h1>\t\t\t\t<\/div>\n\t\t\t\t<\/div>\n\t\t<div class=\"elementor-element elementor-element-199cd3c e-flex e-con-boxed e-con e-child\" data-id=\"199cd3c\" data-element_type=\"container\">\n\t\t\t\t\t<div class=\"e-con-inner\">\n\t\t<div class=\"elementor-element elementor-element-3c80b54 e-con-full e-flex e-con e-child\" data-id=\"3c80b54\" data-element_type=\"container\">\n\t\t\t\t<div class=\"elementor-element elementor-element-a7c0906 elementor-widget elementor-widget-image\" data-id=\"a7c0906\" data-element_type=\"widget\" data-widget_type=\"image.default\">\n\t\t\t\t<div class=\"elementor-widget-container\">\n\t\t\t\t\t\t\t\t\t\t\t\t\t\t\t<img decoding=\"async\" width=\"211\" height=\"282\" src=\"https:\/\/camisaecia.com\/site\/wp-content\/uploads\/2023\/09\/dtf-img01.jpg\" class=\"attachment-large size-large wp-image-3976\" alt=\"\" \/>\t\t\t\t\t\t\t\t\t\t\t\t\t\t\t<\/div>\n\t\t\t\t<\/div>\n\t\t\t\t<\/div>\n\t\t<div class=\"elementor-element elementor-element-ba42abe e-con-full e-flex e-con e-child\" data-id=\"ba42abe\" data-element_type=\"container\">\n\t\t\t\t<div class=\"elementor-element elementor-element-fbbd9d8 elementor-widget elementor-widget-image\" data-id=\"fbbd9d8\" data-element_type=\"widget\" data-widget_type=\"image.default\">\n\t\t\t\t<div class=\"elementor-widget-container\">\n\t\t\t\t\t\t\t\t\t\t\t\t\t\t\t<img decoding=\"async\" width=\"211\" height=\"282\" src=\"https:\/\/camisaecia.com\/site\/wp-content\/uploads\/2023\/09\/dtf-img03.jpg\" class=\"attachment-large size-large wp-image-3978\" alt=\"\" \/>\t\t\t\t\t\t\t\t\t\t\t\t\t\t\t<\/div>\n\t\t\t\t<\/div>\n\t\t\t\t<\/div>\n\t\t<div class=\"elementor-element elementor-element-4686e1c e-con-full e-flex e-con e-child\" data-id=\"4686e1c\" data-element_type=\"container\">\n\t\t\t\t<div class=\"elementor-element elementor-element-5aa9fcf elementor-widget elementor-widget-image\" data-id=\"5aa9fcf\" data-element_type=\"widget\" data-widget_type=\"image.default\">\n\t\t\t\t<div class=\"elementor-widget-container\">\n\t\t\t\t\t\t\t\t\t\t\t\t\t\t\t<img loading=\"lazy\" decoding=\"async\" width=\"211\" height=\"282\" src=\"https:\/\/camisaecia.com\/site\/wp-content\/uploads\/2023\/09\/dtf-img02.jpg\" class=\"attachment-large size-large wp-image-3977\" alt=\"\" \/>\t\t\t\t\t\t\t\t\t\t\t\t\t\t\t<\/div>\n\t\t\t\t<\/div>\n\t\t\t\t<\/div>\n\t\t<div class=\"elementor-element elementor-element-60b31ea e-con-full e-flex e-con e-child\" data-id=\"60b31ea\" data-element_type=\"container\">\n\t\t\t\t<div class=\"elementor-element elementor-element-20b9dd9 elementor-widget elementor-widget-image\" data-id=\"20b9dd9\" data-element_type=\"widget\" data-widget_type=\"image.default\">\n\t\t\t\t<div class=\"elementor-widget-container\">\n\t\t\t\t\t\t\t\t\t\t\t\t\t\t\t<img loading=\"lazy\" decoding=\"async\" width=\"211\" height=\"282\" src=\"https:\/\/camisaecia.com\/site\/wp-content\/uploads\/2023\/09\/dtf-img04.jpg\" class=\"attachment-large size-large wp-image-3979\" alt=\"\" \/>\t\t\t\t\t\t\t\t\t\t\t\t\t\t\t<\/div>\n\t\t\t\t<\/div>\n\t\t\t\t<\/div>\n\t\t\t\t\t<\/div>\n\t\t\t\t<\/div>\n\t\t\t\t\t<\/div>\n\t\t\t\t<\/div>\n\t\t<div class=\"elementor-element elementor-element-6a2f4f9 e-flex e-con-boxed e-con e-parent\" data-id=\"6a2f4f9\" data-element_type=\"container\" data-settings=\"{&quot;background_background&quot;:&quot;classic&quot;}\">\n\t\t\t\t\t<div class=\"e-con-inner\">\n\t\t\t\t<div class=\"elementor-element elementor-element-ba32d1f elementor-widget elementor-widget-heading\" data-id=\"ba32d1f\" data-element_type=\"widget\" data-widget_type=\"heading.default\">\n\t\t\t\t<div class=\"elementor-widget-container\">\n\t\t\t\t\t<h2 class=\"elementor-heading-title elementor-size-default\">Entre em contato conosco e saiba mais sobre como adquirir as estampas.<\/h2>\t\t\t\t<\/div>\n\t\t\t\t<\/div>\n\t\t\t\t<div class=\"elementor-element elementor-element-0cdf6bf elementor-align-center elementor-widget elementor-widget-button\" data-id=\"0cdf6bf\" data-element_type=\"widget\" data-widget_type=\"button.default\">\n\t\t\t\t<div class=\"elementor-widget-container\">\n\t\t\t\t\t\t\t\t\t<div class=\"elementor-button-wrapper\">\n\t\t\t\t\t<a class=\"elementor-button elementor-button-link elementor-size-sm\" href=\"https:\/\/wa.me\/553134374990?text=Oii%2C%20tenho%20interesse%20em%20fazer%20camisas%20personalizadas%20com%20voc%C3%AAs!%20\">\n\t\t\t\t\t\t<span class=\"elementor-button-content-wrapper\">\n\t\t\t\t\t\t\t\t\t<span class=\"elementor-button-text\">Solicito um Or\u00e7amento<\/span>\n\t\t\t\t\t<\/span>\n\t\t\t\t\t<\/a>\n\t\t\t\t<\/div>\n\t\t\t\t\t\t\t\t<\/div>\n\t\t\t\t<\/div>\n\t\t\t\t\t<\/div>\n\t\t\t\t<\/div>\n\t\t\t\t<\/div>\n\t\t","protected":false},"excerpt":{"rendered":"<p>Previous Next SUBLIMA\u00c7\u00c3O DTF Impress\u00e3o DTF \u00e9 uma tecnologia nova que est\u00e1 dominando aos poucos o mercado t\u00eaxtil e seu grande diferencial \u00e9 possibilitar a escolha ilimitada de diversos tecidos para serem estampados, obtendo um resultado de excelente qualidade. O QUE \u00c9 DTF DTF basicamente s\u00e3o as siglas de Direct to Film, que traz uma [&hellip;]<\/p>\n","protected":false},"author":1,"featured_media":0,"parent":0,"menu_order":0,"comment_status":"closed","ping_status":"closed","template":"elementor_header_footer","meta":{"footnotes":""},"class_list":["post-3880","page","type-page","status-publish","hentry"],"_links":{"self":[{"href":"https:\/\/camisaecia.com\/site\/wp-json\/wp\/v2\/pages\/3880","targetHints":{"allow":["GET"]}}],"collection":[{"href":"https:\/\/camisaecia.com\/site\/wp-json\/wp\/v2\/pages"}],"about":[{"href":"https:\/\/camisaecia.com\/site\/wp-json\/wp\/v2\/types\/page"}],"author":[{"embeddable":true,"href":"https:\/\/camisaecia.com\/site\/wp-json\/wp\/v2\/users\/1"}],"replies":[{"embeddable":true,"href":"https:\/\/camisaecia.com\/site\/wp-json\/wp\/v2\/comments?post=3880"}],"version-history":[{"count":52,"href":"https:\/\/camisaecia.com\/site\/wp-json\/wp\/v2\/pages\/3880\/revisions"}],"predecessor-version":[{"id":4112,"href":"https:\/\/camisaecia.com\/site\/wp-json\/wp\/v2\/pages\/3880\/revisions\/4112"}],"wp:attachment":[{"href":"https:\/\/camisaecia.com\/site\/wp-json\/wp\/v2\/media?parent=3880"}],"curies":[{"name":"wp","href":"https:\/\/api.w.org\/{rel}","templated":true}]}}